{"id":8,"date":"2019-03-19T16:51:13","date_gmt":"2019-03-19T15:51:13","guid":{"rendered":"http:\/\/www.storchova.cz\/?page_id=8"},"modified":"2019-04-03T20:54:47","modified_gmt":"2019-04-03T18:54:47","slug":"domu","status":"publish","type":"page","link":"https:\/\/www.storchova.cz\/","title":{"rendered":"DOM\u016e"},"content":{"rendered":"<h3>Praktick\u00fd l\u00e9ka\u0159 pro d\u011bti a dorost. S p\u0159\u00edjemn\u00fdm p\u0159\u00edstupem k d\u011btem i rodi\u010d\u016fm.<\/h3>\n<p>Pediatr je d\u011btsk\u00fd l\u00e9ka\u0159 specializuj\u00edc\u00ed se na poskytov\u00e1n\u00ed l\u00e9ka\u0159sk\u00e9 p\u00e9\u010de d\u011btem <img decoding=\"async\" loading=\"lazy\" class=\" wp-image-239 alignright\" src=\"http:\/\/www.storchova.cz\/wp-content\/uploads\/2019\/03\/mi.png\" alt=\"\" width=\"245\" height=\"329\" srcset=\"https:\/\/www.storchova.cz\/wp-content\/uploads\/2019\/03\/mi.png 448w, https:\/\/www.storchova.cz\/wp-content\/uploads\/2019\/03\/mi-223x300.png 223w\" sizes=\"(max-width: 245px) 100vw, 245px\" \/>a dosp\u00edvaj\u00edc\u00edm. Pediatr l\u00e9\u010d\u00ed akutn\u00ed zdravotn\u00ed probl\u00e9my, ale m\u00e1 tak\u00e9 v\u00fdznamnou roli v poskytov\u00e1n\u00ed preventivn\u00ed zdravotn\u00ed p\u00e9\u010de. D\u011btsk\u00fd l\u00e9ka\u0159 tak\u00e9 poskytuje d\u011btsk\u00fdm pacient\u016fm vakcinaci a imunizaci podle n\u00e1rodn\u00edho programu povinn\u00fdch o\u010dkov\u00e1n\u00ed.<\/p>\n<p>Role pediatra je nenahraditeln\u00e1 pro zdrav\u00fd v\u00fdvoj d\u00edt\u011bte. D\u011btsk\u00fd l\u00e9ka\u0159 pom\u00e1h\u00e1 odhalovat a l\u00e9\u010dit negativn\u00ed dopady spojen\u00e9 s\u00a0v\u00fdvojem a r\u016fstem d\u00edt\u011bte (jako nap\u0159\u00edklad syndromy ADHD nebo ADD, poruchy u\u010den\u00ed a dal\u0161\u00ed psychick\u00e9 a fyzick\u00e9 pot\u00ed\u017ee.<\/p>\n<h3><span style=\"color: #ffffff;\">MUDr. Daniela \u0160torchov\u00e1 &#8211; D\u011btsk\u00e1 l\u00e9ka\u0159ka &#8211;\u00a0 Pediatrick\u00e1 ordinace<\/span><\/h3>\n<p>Nab\u00edz\u00edme n\u00e1sleduj\u00edc\u00ed rozsah slu\u017eeb:<\/p>\n<ul>\n<li>Individu\u00e1ln\u00ed a zdvo\u0159il\u00fd p\u0159\u00edstup k\u00a0d\u011btsk\u00fdm pacient\u016fm<\/li>\n<li>Komplexn\u00ed l\u00e9ka\u0159skou p\u00e9\u010di, v\u010detn\u011b preventivn\u00edch prohl\u00eddek a ambulantn\u00ed p\u00e9\u010de<\/li>\n<li>Dobrovoln\u00e9 o\u010dkov\u00e1n\u00ed proti dal\u0161\u00edm nemocem<\/li>\n<li>Konzultaci a poradenstv\u00ed p\u0159i v\u00fdchovn\u00fdch probl\u00e9mech<\/li>\n<li>Lakta\u010dn\u00ed poradenstv\u00ed<\/li>\n<\/ul>\n\n\n<p> <\/p>\n","protected":false},"excerpt":{"rendered":"<p>Praktick\u00fd l\u00e9ka\u0159 pro d\u011bti a dorost. S p\u0159\u00edjemn\u00fdm p\u0159\u00edstupem k d\u011btem i rodi\u010d\u016fm. Pediatr je d\u011btsk\u00fd l\u00e9ka\u0159 specializuj\u00edc\u00ed se na poskytov\u00e1n\u00ed l\u00e9ka\u0159sk\u00e9 p\u00e9\u010de d\u011btem a dosp\u00edvaj\u00edc\u00edm. Pediatr l\u00e9\u010d\u00ed akutn\u00ed zdravotn\u00ed probl\u00e9my, ale m\u00e1 tak\u00e9 v\u00fdznamnou roli v poskytov\u00e1n\u00ed preventivn\u00ed zdravotn\u00ed<\/p>\n","protected":false},"author":2,"featured_media":0,"parent":0,"menu_order":0,"comment_status":"closed","ping_status":"closed","template":"","meta":[],"_links":{"self":[{"href":"https:\/\/www.storchova.cz\/index.php?rest_route=\/wp\/v2\/pages\/8"}],"collection":[{"href":"https:\/\/www.storchova.cz\/index.php?rest_route=\/wp\/v2\/pages"}],"about":[{"href":"https:\/\/www.storchova.cz\/index.php?rest_route=\/wp\/v2\/types\/page"}],"author":[{"embeddable":true,"href":"https:\/\/www.storchova.cz\/index.php?rest_route=\/wp\/v2\/users\/2"}],"replies":[{"embeddable":true,"href":"https:\/\/www.storchova.cz\/index.php?rest_route=%2Fwp%2Fv2%2Fcomments&post=8"}],"version-history":[{"count":16,"href":"https:\/\/www.storchova.cz\/index.php?rest_route=\/wp\/v2\/pages\/8\/revisions"}],"predecessor-version":[{"id":326,"href":"https:\/\/www.storchova.cz\/index.php?rest_route=\/wp\/v2\/pages\/8\/revisions\/326"}],"wp:attachment":[{"href":"https:\/\/www.storchova.cz\/index.php?rest_route=%2Fwp%2Fv2%2Fmedia&parent=8"}],"curies":[{"name":"wp","href":"https:\/\/api.w.org\/{rel}","templated":true}]}}