{"id":419,"date":"2020-05-13T14:51:30","date_gmt":"2020-05-13T12:51:30","guid":{"rendered":"http:\/\/www.storchova.cz\/?page_id=419"},"modified":"2024-04-09T10:53:33","modified_gmt":"2024-04-09T08:53:33","slug":"ockovani","status":"publish","type":"page","link":"https:\/\/www.storchova.cz\/?page_id=419","title":{"rendered":"O\u010cKOV\u00c1N\u00cd"},"content":{"rendered":"\n<p><strong>O\u010dkov\u00e1n\u00ed proti papilomaviru (PMV)<\/strong> &#8211; d\u011bti 11 &#8211; 15 let<\/p>\n\n\n\n<p>Papilomavirus  prokazateln\u011b m\u016f\u017ee vyvol\u00e1vat zhoubn\u00e9 bujen\u00ed, nej\u010dast\u011bji CA d\u011blo\u017en\u00edho \u010d\u00edpku, u mu\u017e\u016f v okol\u00ed genit\u00e1lu a u obou pohlav\u00ed v oblasti hrdla a hlasivek. P\u0159en\u00e1\u0161\u00ed se nej\u010dast\u011bji sexu\u00e1ln\u011b.<\/p>\n\n\n\n<p>O\u010dkov\u00e1n\u00ed se ji\u017e mnoho let doporu\u010duje u d\u00edvek i chlapc\u016f, zdravotn\u00ed poji\u0161\u0165ovny nyn\u00ed o\u010dkov\u00e1n\u00ed pln\u011b hrad\u00ed u d\u011bt\u00ed ve v\u011bku 11 &#8211; 15 let (zm\u011bna od 1.1.2024) Doru\u010duji i nad\u00e1le sp\u00ed\u0161e ve v\u011bku 13-14 let, je to v\u011bk bl\u00ed\u017ee k zah\u00e1jen\u00ed sexu\u00e1ln\u00edho \u017eivota. Jde o 2 d\u00e1vky v intervalu 6 m\u011bs\u00edc\u016f, v ordinaci je k dispozici vakc\u00edna s 9 kmeny <strong>GARDASIL 9.<\/strong><\/p>\n\n\n\n<p><\/p>\n\n\n\n<p><strong>O\u010dkov\u00e1n\u00ed proti meningokok\u016fm &#8211; d\u011bti od 14 do 16 let <\/strong><\/p>\n\n\n\n<p>Od 1.1.2022  zcela uhrad\u00ed zdravotn\u00ed poji\u0161\u0165ovna Va\u0161emu d\u00edt\u011bt<em>i <\/em><strong>O\u010cKOV\u00c1N\u00cd PROTI MENINGOKOKU<\/strong> <\/p>\n\n\n\n<p>( to znamen\u00e1 2 d\u00e1vky o\u010dkovac\u00ed l\u00e1tky <strong>BEXERO <\/strong>a 1 d\u00e1vku o\u010dkovac\u00ed l\u00e1tky<em> <\/em><strong>NIMENRIX<\/strong><em>)<\/em><\/p>\n\n\n\n<p>-v\u0161echny 3 d\u00e1vky mus\u00ed b\u00fdt nao\u010dkov\u00e1ny <strong>mezi 14. a 16. narozeninami<\/strong>. Pro dal\u0161\u00ed informace volejte.<\/p>\n\n\n\n<p>(Aktualizace dne1.4.2024)<\/p>\n\n\n\n<p><\/p>\n\n\n\n<p><strong>O\u010dkov\u00e1n\u00ed proti meningokok\u016fm &#8211; kojenci<\/strong><\/p>\n\n\n\n<p>\u00a0Od 1. 5. 2020 vl\u00e1da schv\u00e1lila <strong>\u00fahradu o\u010dkov\u00e1n\u00ed\u00a0\u00a0proti meningokokov\u00fdm\u00a0 invazivn\u00edm onemocn\u011bn\u00edm<\/strong> u kojenc\u016f<\/p>\n\n\n\n<ol>\n<li>Menigokok B: (vakc\u00edna <strong>BEXERO<\/strong>) pokud je\u00a0<strong>o\u010dkov\u00e1n\u00ed zah\u00e1jeno do dovr\u0161en\u00ed dvan\u00e1ct\u00e9ho m\u011bs\u00edce v\u011bku d\u00edt\u011bte<\/strong>.<\/li>\n\n\n\n<li>u sm\u00ed\u0161en\u00e9 vakc\u00edny (meningokoky A,C,W,Y) je-li o\u010dkov\u00e1n\u00ed provedeno jednou d\u00e1vkou ve 2. roce \u017eivota. Zah\u00e1jen\u00e9 nejpozd\u011bji do 24. m\u011bs\u00edce v\u011bku. (vakc\u00edna <strong>NIMENRIX<\/strong>)<\/li>\n<\/ol>\n\n\n\n<p><strong>O\u010dkov\u00e1n\u00ed proti pneumokok\u016fm &#8211; kojenc<\/strong>i<\/p>\n\n\n\n<p>Ji\u017e mnoho let zdravotn\u00ed poji\u0161\u0165ovny p\u0159isp\u00edvaly na o\u010dkov\u00e1n\u00ed proti pneumokok\u016fm u kojenc\u016f. Nyn\u00ed od roku 2024 jsou tyto vakc\u00edny PRO KOJENCE PLN\u011a HRAZENY.  V ordinaci jsou k dispozici s 11, 13 nebo 15 kmeny.<\/p>\n\n\n\n<p>(aktualizace 1.4.2024)<\/p>\n\n\n\n<p><\/p>\n\n\n\n<p><\/p>\n","protected":false},"excerpt":{"rendered":"<p>O\u010dkov\u00e1n\u00ed proti papilomaviru (PMV) &#8211; d\u011bti 11 &#8211; 15 let Papilomavirus prokazateln\u011b m\u016f\u017ee vyvol\u00e1vat zhoubn\u00e9 bujen\u00ed, nej\u010dast\u011bji CA d\u011blo\u017en\u00edho \u010d\u00edpku, u mu\u017e\u016f v okol\u00ed genit\u00e1lu a u obou pohlav\u00ed v oblasti hrdla a hlasivek. P\u0159en\u00e1\u0161\u00ed se nej\u010dast\u011bji sexu\u00e1ln\u011b. O\u010dkov\u00e1n\u00ed se<\/p>\n","protected":false},"author":2,"featured_media":0,"parent":0,"menu_order":0,"comment_status":"closed","ping_status":"closed","template":"","meta":[],"_links":{"self":[{"href":"https:\/\/www.storchova.cz\/index.php?rest_route=\/wp\/v2\/pages\/419"}],"collection":[{"href":"https:\/\/www.storchova.cz\/index.php?rest_route=\/wp\/v2\/pages"}],"about":[{"href":"https:\/\/www.storchova.cz\/index.php?rest_route=\/wp\/v2\/types\/page"}],"author":[{"embeddable":true,"href":"https:\/\/www.storchova.cz\/index.php?rest_route=\/wp\/v2\/users\/2"}],"replies":[{"embeddable":true,"href":"https:\/\/www.storchova.cz\/index.php?rest_route=%2Fwp%2Fv2%2Fcomments&post=419"}],"version-history":[{"count":12,"href":"https:\/\/www.storchova.cz\/index.php?rest_route=\/wp\/v2\/pages\/419\/revisions"}],"predecessor-version":[{"id":582,"href":"https:\/\/www.storchova.cz\/index.php?rest_route=\/wp\/v2\/pages\/419\/revisions\/582"}],"wp:attachment":[{"href":"https:\/\/www.storchova.cz\/index.php?rest_route=%2Fwp%2Fv2%2Fmedia&parent=419"}],"curies":[{"name":"wp","href":"https:\/\/api.w.org\/{rel}","templated":true}]}}