{"id":367,"date":"2019-08-15T15:14:36","date_gmt":"2019-08-15T13:14:36","guid":{"rendered":"http:\/\/www.storchova.cz\/?page_id=367"},"modified":"2025-07-07T16:41:20","modified_gmt":"2025-07-07T14:41:20","slug":"aktuality","status":"publish","type":"page","link":"https:\/\/www.storchova.cz\/?page_id=367","title":{"rendered":"AKTUALITY"},"content":{"rendered":"\n<p>OD 4.7. DO 15.7. ORDINUJI  JEN V ORDINACI HOSTOMICE, <\/p>\n\n\n\n<p>A TO I V ORDINA\u010cN\u00cdCH HODIN\u00c1CH, KDY JSEM &#8222;NORM\u00c1LN\u011a&#8220; V JINC\u00cdCH.<\/p>\n\n\n\n<p>(z technick\u00fdch d\u016fvod\u016f)<\/p>\n\n\n\n<p><\/p>\n\n\n\n<p><\/p>\n\n\n\n<p><strong>UPOZORN\u011aN\u00cd!!!!!!!!!!!<\/strong><\/p>\n\n\n\n<p><strong>FALE\u0160N\u00c1 ZPR\u00c1VA NA GOOGLU!!!!!!!!!!!<\/strong>!<\/p>\n\n\n\n<p>P\u0159i vyhled\u00e1v\u00e1n\u00ed m\u00e9ho jm\u00e9na a ordinace  se na Googlu  zobrazuje NEPRAVDIV\u00c1 informace,<\/p>\n\n\n\n<p>\u017ee je ordinace Hostomice trvale uzav\u0159ena. JE TO NESMYSL, KTER\u00dd JSEM TAM NED\u00c1VALA!!!<\/p>\n\n\n\n<p>FUNGUJ\u00cd I NAD\u00c1LE OB\u011a ORDINACE &#8211; HOSTOMICE I JINCE a \u017e\u00e1dnou zm\u011bnu nepl\u00e1nuji.<\/p>\n\n\n\n<p>MUDr. Daniela \u0160torchov\u00e1<\/p>\n\n\n\n<p><\/p>\n\n\n\n<p><\/p>\n\n\n\n<p><\/p>\n\n\n\n<p><\/p>\n\n\n\n<p><\/p>\n\n\n\n<p><\/p>\n\n\n\n<p><\/p>\n\n\n\n<p><\/p>\n\n\n\n<p><\/p>\n\n\n\n<p><\/p>\n\n\n\n<p><strong>BORRELIOZA RYCHLOTEST<\/strong><\/p>\n\n\n\n<p>Od 1.8.2024 m\u00e1me v ordinaci k dispozici rychlotest na borreliozu (z kapky krve, v\u00fdsledek do 5 minut).<\/p>\n\n\n\n<p>Cena i s proveden\u00edm 300,- K\u010d.<\/p>\n\n\n\n<p><strong>PLATBA KARTOU.<\/strong><\/p>\n\n\n\n<p>Od 1.8.2024 lze ze v\u00fdkony, kter\u00e9 si pacient hrad\u00ed s\u00e1m (nadstandartn\u00ed o\u010dkov\u00e1n\u00ed, posudky apod.)<\/p>\n\n\n\n<p>lze zaplatit platebn\u00ed kartou. <\/p>\n\n\n\n<p><\/p>\n\n\n\n<p>NOV\u00c1 KOMUNIK<strong>ACE S NA\u0160\u00cd ORDINAC\u00cd!!!<\/strong> <\/p>\n\n\n\n<p><strong>MEDEVIO.CZ<\/strong>  OD 04\/2023<\/p>\n\n\n\n<p>Od 17.4.2023 m\u016f\u017eete pou\u017e\u00edvat <strong>chr\u00e1n\u011bnou komunikaci s na\u0161\u00ed ordinac\u00ed: medevio.cz\/mudr-storchova. <\/strong>Bli\u017e\u0161\u00ed informace na str\u00e1nk\u00e1ch www.medevio.cz, kde je i aplikace ke sta\u017een\u00ed, abyste mohli komunikaci pou\u017e\u00edvat. Komunikace slou\u017e\u00ed k objedn\u00e1v\u00e1n\u00ed pacient\u016f, \u017e\u00e1dosti o e-recept, \u017e\u00e1dosti o potvrzen\u00ed, registraci , zas\u00edl\u00e1n\u00ed n\u00e1lez\u016f od jin\u00fdch l\u00e9ka\u0159\u016f apod. <\/p>\n\n\n\n<p><strong>V\u00e1\u017een\u00ed pacienti, v\u00e1\u017een\u00ed rodi\u010de.<\/strong><\/p>\n\n\n\n<p>Pros\u00edme <strong>AKUTN\u011a NEMOCN\u00c9 PACIENTY, ABY DO \u010cEK\u00c1RNY A ORDINACE NOSILY RESPIR\u00c1TORY.<\/strong><\/p>\n\n\n\n<p>Pros\u00edm, abyste se  do ordinace <strong>OBJEDN\u00c1VALI NA V\u0160ECHNA VY\u0160ET\u0158EN\u00cd &#8211; PREVENTIVN\u00cd I AKUTN\u00cd,O\u010cKOV\u00c1N\u00cd, ODB\u011aRY, POTRVZEN\u00cd <\/strong> adt.<\/p>\n\n\n\n<p>D\u011bkuji.  (Aktualizov\u00e1no1.4.2024)<\/p>\n\n\n\n<p><\/p>\n\n\n\n<p><\/p>\n\n\n\n<p>&#8230;&#8230;&#8230;&#8230;&#8230;&#8230;&#8230;&#8230;&#8230;&#8230;&#8230;&#8230;&#8230;&#8230;&#8230;&#8230;&#8230;&#8230;&#8230;&#8230;&#8230;&#8230;&#8230;&#8230;&#8230;&#8230;&#8230;&#8230;&#8230;&#8230;&#8230;&#8230;&#8230;&#8230;&#8230;&#8230;&#8230;&#8230;&#8230;&#8230;&#8230;&#8230;&#8230;&#8230;&#8230;&#8230;&#8230;&#8230;&#8230;&#8230;&#8230;&#8230;&#8230;&#8230;&#8230;&#8230;&#8230;&#8230;&#8230;&#8230;&#8230;&#8230;&#8230;&#8230;&#8230;&#8230;<\/p>\n\n\n\n<p><\/p>\n\n\n\n<p><\/p>\n","protected":false},"excerpt":{"rendered":"<p>OD 4.7. DO 15.7. ORDINUJI JEN V ORDINACI HOSTOMICE, A TO I V ORDINA\u010cN\u00cdCH HODIN\u00c1CH, KDY JSEM &#8222;NORM\u00c1LN\u011a&#8220; V JINC\u00cdCH. (z technick\u00fdch d\u016fvod\u016f) UPOZORN\u011aN\u00cd!!!!!!!!!!! FALE\u0160N\u00c1 ZPR\u00c1VA NA GOOGLU!!!!!!!!!!!! P\u0159i vyhled\u00e1v\u00e1n\u00ed m\u00e9ho jm\u00e9na a ordinace se na Googlu zobrazuje NEPRAVDIV\u00c1 informace,<\/p>\n","protected":false},"author":2,"featured_media":0,"parent":0,"menu_order":0,"comment_status":"closed","ping_status":"closed","template":"","meta":[],"_links":{"self":[{"href":"https:\/\/www.storchova.cz\/index.php?rest_route=\/wp\/v2\/pages\/367"}],"collection":[{"href":"https:\/\/www.storchova.cz\/index.php?rest_route=\/wp\/v2\/pages"}],"about":[{"href":"https:\/\/www.storchova.cz\/index.php?rest_route=\/wp\/v2\/types\/page"}],"author":[{"embeddable":true,"href":"https:\/\/www.storchova.cz\/index.php?rest_route=\/wp\/v2\/users\/2"}],"replies":[{"embeddable":true,"href":"https:\/\/www.storchova.cz\/index.php?rest_route=%2Fwp%2Fv2%2Fcomments&post=367"}],"version-history":[{"count":53,"href":"https:\/\/www.storchova.cz\/index.php?rest_route=\/wp\/v2\/pages\/367\/revisions"}],"predecessor-version":[{"id":639,"href":"https:\/\/www.storchova.cz\/index.php?rest_route=\/wp\/v2\/pages\/367\/revisions\/639"}],"wp:attachment":[{"href":"https:\/\/www.storchova.cz\/index.php?rest_route=%2Fwp%2Fv2%2Fmedia&parent=367"}],"curies":[{"name":"wp","href":"https:\/\/api.w.org\/{rel}","templated":true}]}}