{"id":3,"date":"2019-03-19T16:14:45","date_gmt":"2019-03-19T15:14:45","guid":{"rendered":"http:\/\/storchova.cz\/?page_id=3"},"modified":"2023-03-30T18:13:49","modified_gmt":"2023-03-30T16:13:49","slug":"ochrana-osobnich-udaju","status":"publish","type":"page","link":"https:\/\/www.storchova.cz\/?page_id=3","title":{"rendered":"ORDINA\u010cN\u00cd HODINY"},"content":{"rendered":"<div id=\"todayHoursContainer\" class=\"todayOpening openingTab row wideOpeningTable\">\n<h2 class=\"cell label detailTopBorder\"><span style=\"color: #339966;\">ORDINACE HOSTOMICE<\/span><\/h2>\n<div class=\"cell detailTopBorder\">\n<ul class=\"openingHours show\" data-dot=\"opening-hours\">\n<li style=\"list-style-type: none;\">\n<ul class=\"openingHours show\" data-dot=\"opening-hours\">\n<li style=\"list-style-type: none;\">\n<ul class=\"openingHours show\" data-dot=\"opening-hours\">\n<li class=\"short dayName\"><span class=\"label\">Pond\u011bl\u00ed <\/span><span class=\"short time amTime\">8:00 &#8211; 12:00 (8:00-9:00 odb\u011bry)<\/span><\/li>\n<\/ul>\n<\/li>\n<\/ul>\n<ul class=\"openingHours show\" data-dot=\"opening-hours\">\n<li style=\"list-style-type: none;\">\n<ul class=\"openingHours show\" data-dot=\"opening-hours\">\n<li class=\"short dayName\"><span class=\"label\">\u00dater\u00fd&nbsp; &nbsp; <\/span><span class=\"short time amTime\">8:00 &#8211; 12:00 (8:00-9:00odb\u011bry)(09:00-11:00zdrav\u00ed kojenci)(11.00-12.00nemocn\u00ed)&nbsp; &nbsp;&nbsp;<\/span><\/li>\n<\/ul>\n<\/li>\n<\/ul>\n<ul class=\"openingHours show\" data-dot=\"opening-hours\">\n<li style=\"list-style-type: none;\">\n<ul class=\"openingHours show\" data-dot=\"opening-hours\">\n<li class=\"short dayName\"><span class=\"label\">St\u0159eda <\/span><span class=\"wide closed\">Zav\u0159eno<\/span><\/li>\n<\/ul>\n<\/li>\n<\/ul>\n<ul class=\"openingHours show\" data-dot=\"opening-hours\">\n<li style=\"list-style-type: none;\">\n<ul class=\"openingHours show\" data-dot=\"opening-hours\">\n<li class=\"short dayName\"><span class=\"label\">\u010ctvrtek <\/span><span class=\"short time amTime\">13:00 &#8211; 18:00 (p\u0159edev\u0161\u00edm pacienti objednan\u00ed na preventivn\u00ed prohl\u00eddky)<\/span><\/li>\n<\/ul>\n<\/li>\n<\/ul>\n<ul class=\"openingHours show\" data-dot=\"opening-hours\">\n<li style=\"list-style-type: none;\">\n<ul class=\"openingHours show\" data-dot=\"opening-hours\">\n<li class=\"short dayName\"><span class=\"label\">P\u00e1tek <\/span><span class=\"short time amTime\">13:00 &#8211; 15:00<\/span><\/li>\n<\/ul>\n<\/li>\n<\/ul>\n<ul class=\"openingHours show\" data-dot=\"opening-hours\">\n<li style=\"list-style-type: none;\">\n<ul class=\"openingHours show\" data-dot=\"opening-hours\">\n<li class=\"short dayName\"><span class=\"label\">Sobota <\/span><span class=\"wide closed\">Zav\u0159eno<\/span><\/li>\n<li class=\"short dayName\"><span class=\"label\">Ned\u011ble <\/span><span class=\"wide closed\">Zav\u0159eno<\/span><\/li>\n<\/ul>\n<\/li>\n<\/ul>\n<\/li>\n<\/ul>\n<ul class=\"openingHours show\" data-dot=\"opening-hours\">\n<li style=\"list-style-type: none;\"><\/li>\n<\/ul>\n<h2 class=\"cell label detailTopBorder\"><span style=\"color: #339966;\">ORDINACE JINCE<\/span><\/h2>\n<div class=\"cell detailTopBorder\">\n<ul class=\"openingHours show\" data-dot=\"opening-hours\">\n<li style=\"list-style-type: none;\">\n<ul class=\"openingHours show\" data-dot=\"opening-hours\">\n<li style=\"list-style-type: none;\">\n<ul class=\"openingHours show\" data-dot=\"opening-hours\">\n<li class=\"short dayName\"><span class=\"label\">Pond\u011bl\u00ed <\/span><span class=\"short time amTime\">13:00 &#8211; 18:00 (p\u0159edev\u0161\u00edm pacienti objednan\u00ed na preventivn\u00ed prohl\u00eddky)<\/span><\/li>\n<\/ul>\n<\/li>\n<\/ul>\n<ul class=\"openingHours show\" data-dot=\"opening-hours\">\n<li style=\"list-style-type: none;\">\n<ul class=\"openingHours show\" data-dot=\"opening-hours\">\n<li class=\"short dayName\"><span class=\"label\">\u00dater\u00fd <\/span><span class=\"short time amTime\">13:00 &#8211; 15:00<\/span><\/li>\n<\/ul>\n<\/li>\n<\/ul>\n<ul class=\"openingHours show\" data-dot=\"opening-hours\">\n<li style=\"list-style-type: none;\">\n<ul class=\"openingHours show\" data-dot=\"opening-hours\">\n<li class=\"short dayName\"><span class=\"short time amTime\">St\u0159eda 8:00 &#8211; 12:00 (8:00-9:00odb\u011bry)(09:00-11:00zdrav\u00ed kojenci)(11.00-12.00nemocn\u00ed)&nbsp;<\/span><\/li>\n<\/ul>\n<\/li>\n<\/ul>\n<ul class=\"openingHours show\" data-dot=\"opening-hours\">\n<li style=\"list-style-type: none;\">\n<ul class=\"openingHours show\" data-dot=\"opening-hours\">\n<li class=\"short dayName\"><span class=\"label\">\u010ctvrtek <\/span><span class=\"short time amTime\">Zav\u0159eno<\/span><\/li>\n<\/ul>\n<\/li>\n<\/ul>\n<ul class=\"openingHours show\" data-dot=\"opening-hours\">\n<li style=\"list-style-type: none;\">\n<ul class=\"openingHours show\" data-dot=\"opening-hours\">\n<li class=\"short dayName\"><span class=\"label\">P\u00e1tek 08<\/span><span class=\"short time amTime\">:00 &#8211; 12:00 (8:00-9:00 odb\u011bry)<\/span><\/li>\n<\/ul>\n<\/li>\n<\/ul>\n<ul class=\"openingHours show\" data-dot=\"opening-hours\">\n<li style=\"list-style-type: none;\">\n<ul class=\"openingHours show\" data-dot=\"opening-hours\">\n<li class=\"short dayName\"><span class=\"label\">Sobota <\/span><span class=\"wide closed\">Zav\u0159eno<\/span><\/li>\n<li class=\"short dayName\"><span class=\"label\">Ned\u011ble <\/span><span class=\"wide closed\">Zav\u0159eno<\/span><\/li>\n<\/ul>\n<\/li>\n<\/ul>\n<\/li>\n<\/ul>\n<ul class=\"openingHours show\" data-dot=\"opening-hours\">\n<li style=\"list-style-type: none;\"><\/li>\n<\/ul>\n<\/div>\n<\/div>\n<\/div>\n","protected":false},"excerpt":{"rendered":"<p>ORDINACE HOSTOMICE Pond\u011bl\u00ed 8:00 &#8211; 12:00 (8:00-9:00 odb\u011bry) \u00dater\u00fd&nbsp; &nbsp; 8:00 &#8211; 12:00 (8:00-9:00odb\u011bry)(09:00-11:00zdrav\u00ed kojenci)(11.00-12.00nemocn\u00ed)&nbsp; &nbsp;&nbsp; St\u0159eda Zav\u0159eno \u010ctvrtek 13:00 &#8211; 18:00 (p\u0159edev\u0161\u00edm pacienti objednan\u00ed na preventivn\u00ed prohl\u00eddky) P\u00e1tek 13:00 &#8211; 15:00 Sobota Zav\u0159eno Ned\u011ble Zav\u0159eno ORDINACE JINCE Pond\u011bl\u00ed 13:00<\/p>\n","protected":false},"author":2,"featured_media":0,"parent":0,"menu_order":0,"comment_status":"closed","ping_status":"open","template":"","meta":[],"_links":{"self":[{"href":"https:\/\/www.storchova.cz\/index.php?rest_route=\/wp\/v2\/pages\/3"}],"collection":[{"href":"https:\/\/www.storchova.cz\/index.php?rest_route=\/wp\/v2\/pages"}],"about":[{"href":"https:\/\/www.storchova.cz\/index.php?rest_route=\/wp\/v2\/types\/page"}],"author":[{"embeddable":true,"href":"https:\/\/www.storchova.cz\/index.php?rest_route=\/wp\/v2\/users\/2"}],"replies":[{"embeddable":true,"href":"https:\/\/www.storchova.cz\/index.php?rest_route=%2Fwp%2Fv2%2Fcomments&post=3"}],"version-history":[{"count":17,"href":"https:\/\/www.storchova.cz\/index.php?rest_route=\/wp\/v2\/pages\/3\/revisions"}],"predecessor-version":[{"id":553,"href":"https:\/\/www.storchova.cz\/index.php?rest_route=\/wp\/v2\/pages\/3\/revisions\/553"}],"wp:attachment":[{"href":"https:\/\/www.storchova.cz\/index.php?rest_route=%2Fwp%2Fv2%2Fmedia&parent=3"}],"curies":[{"name":"wp","href":"https:\/\/api.w.org\/{rel}","templated":true}]}}