{"id":10,"date":"2019-03-19T16:51:13","date_gmt":"2019-03-19T15:51:13","guid":{"rendered":"http:\/\/www.storchova.cz\/?page_id=10"},"modified":"2024-05-17T09:39:31","modified_gmt":"2024-05-17T07:39:31","slug":"kontakt","status":"publish","type":"page","link":"https:\/\/www.storchova.cz\/?page_id=10","title":{"rendered":"KONTAKT"},"content":{"rendered":"<h3 class=\"print\" data-dot=\"premise\/title\">MUDr. Daniela \u0160torchov\u00e1\u00a0 \u00a0Mobil +420 728 143 075\u00a0 \u00a0medevio.cz\/mudr-storchova\u00a0 \u00a0 \u00a0 \u00a0 \u00a0 \u00a0 \u00a0 \u00a0 \u00a0 \u00a0 \u00a0 \u00a0 \u00a0 \u00a0 \u00a0 \u00a0 \u00a0 \u00a0 \u00a0 \u00a0 \u00a0 \u00a0 \u00a0 \u00a0 Email: <a href=\"mailto:pediatr@storchova.cz\">pediatr@storchova.cz\u00a0<\/a><\/h3>\n<hr \/>\n<h1 class=\"print\" style=\"text-align: center;\" data-dot=\"premise\/title\"><span style=\"color: #339966;\">ORDINACE HOSTOMICE<\/span><\/h1>\n<div class=\"addressList\" data-dot=\"premise\">\n<div style=\"text-align: center;\">Tyr\u0161ovo n\u00e1m\u011bst\u00ed 225, 26724 Hostomice<\/div>\n<\/div>\n<div>\n<hr \/>\n<\/div>\n<div>\n<div class=\"row\">\n<p><a href=\"https:\/\/mapy.cz\/turisticka?x=14.0443023&amp;y=49.8253119&amp;z=16&amp;source=addr&amp;id=10961854http:\/\/\" target=\"_blank\" rel=\"noopener noreferrer\"><img decoding=\"async\" loading=\"lazy\" class=\"aligncenter wp-image-248 size-full\" src=\"http:\/\/www.storchova.cz\/wp-content\/uploads\/2019\/03\/Bez-n\u00e1zvu.png\" alt=\"\" width=\"1416\" height=\"631\" srcset=\"https:\/\/www.storchova.cz\/wp-content\/uploads\/2019\/03\/Bez-n\u00e1zvu.png 1416w, https:\/\/www.storchova.cz\/wp-content\/uploads\/2019\/03\/Bez-n\u00e1zvu-300x134.png 300w, https:\/\/www.storchova.cz\/wp-content\/uploads\/2019\/03\/Bez-n\u00e1zvu-768x342.png 768w, https:\/\/www.storchova.cz\/wp-content\/uploads\/2019\/03\/Bez-n\u00e1zvu-1024x456.png 1024w, https:\/\/www.storchova.cz\/wp-content\/uploads\/2019\/03\/Bez-n\u00e1zvu-600x267.png 600w\" sizes=\"(max-width: 1416px) 100vw, 1416px\" \/><\/a><\/p>\n<hr \/>\n<h1 class=\"print\" style=\"text-align: center;\" data-dot=\"premise\/title\"><span style=\"color: #339966;\">ORDINACE JINCE<\/span><\/h1>\n<div class=\"addressList\" data-dot=\"premise\">\n<div style=\"text-align: center;\">Slune\u010dn\u00e1 371, 26223 Jince<\/div>\n<div>\n<hr \/>\n<\/div>\n<div><\/div>\n<div style=\"text-align: center;\"><a href=\"https:\/\/mapy.cz\/zakladni?x=13.9779314&amp;y=49.7850714&amp;z=16&amp;source=addr&amp;id=11027758\" target=\"_blank\" rel=\"noopener noreferrer\"><img decoding=\"async\" loading=\"lazy\" class=\"aligncenter wp-image-296\" src=\"http:\/\/www.storchova.cz\/wp-content\/uploads\/2019\/03\/jince-1024x456.png\" alt=\"\" width=\"1100\" height=\"490\" srcset=\"https:\/\/www.storchova.cz\/wp-content\/uploads\/2019\/03\/jince-1024x456.png 1024w, https:\/\/www.storchova.cz\/wp-content\/uploads\/2019\/03\/jince-300x134.png 300w, https:\/\/www.storchova.cz\/wp-content\/uploads\/2019\/03\/jince-768x342.png 768w, https:\/\/www.storchova.cz\/wp-content\/uploads\/2019\/03\/jince.png 1416w\" sizes=\"(max-width: 1100px) 100vw, 1100px\" \/><\/a><\/div>\n<\/div>\n<div>\n<hr \/>\n<\/div>\n<div>\n<div class=\"row\"><\/div>\n<\/div>\n<\/div>\n<\/div>\n","protected":false},"excerpt":{"rendered":"<p>MUDr. Daniela \u0160torchov\u00e1\u00a0 \u00a0Mobil +420 728 143 075\u00a0 \u00a0medevio.cz\/mudr-storchova\u00a0 \u00a0 \u00a0 \u00a0 \u00a0 \u00a0 \u00a0 \u00a0 \u00a0 \u00a0 \u00a0 \u00a0 \u00a0 \u00a0 \u00a0 \u00a0 \u00a0 \u00a0 \u00a0 \u00a0 \u00a0 \u00a0 \u00a0 \u00a0 Email: pediatr@storchova.cz\u00a0 ORDINACE HOSTOMICE Tyr\u0161ovo n\u00e1m\u011bst\u00ed 225, 26724<\/p>\n","protected":false},"author":2,"featured_media":0,"parent":0,"menu_order":0,"comment_status":"closed","ping_status":"closed","template":"","meta":[],"_links":{"self":[{"href":"https:\/\/www.storchova.cz\/index.php?rest_route=\/wp\/v2\/pages\/10"}],"collection":[{"href":"https:\/\/www.storchova.cz\/index.php?rest_route=\/wp\/v2\/pages"}],"about":[{"href":"https:\/\/www.storchova.cz\/index.php?rest_route=\/wp\/v2\/types\/page"}],"author":[{"embeddable":true,"href":"https:\/\/www.storchova.cz\/index.php?rest_route=\/wp\/v2\/users\/2"}],"replies":[{"embeddable":true,"href":"https:\/\/www.storchova.cz\/index.php?rest_route=%2Fwp%2Fv2%2Fcomments&post=10"}],"version-history":[{"count":69,"href":"https:\/\/www.storchova.cz\/index.php?rest_route=\/wp\/v2\/pages\/10\/revisions"}],"predecessor-version":[{"id":613,"href":"https:\/\/www.storchova.cz\/index.php?rest_route=\/wp\/v2\/pages\/10\/revisions\/613"}],"wp:attachment":[{"href":"https:\/\/www.storchova.cz\/index.php?rest_route=%2Fwp%2Fv2%2Fmedia&parent=10"}],"curies":[{"name":"wp","href":"https:\/\/api.w.org\/{rel}","templated":true}]}}